{"id":5374,"date":"2018-04-15T22:58:49","date_gmt":"2018-04-15T21:58:49","guid":{"rendered":"http:\/\/www.mrexhibition.net\/wp_mimi\/?page_id=5374"},"modified":"2023-01-05T15:13:52","modified_gmt":"2023-01-05T14:13:52","slug":"experimentation-culinaire","status":"publish","type":"page","link":"http:\/\/www.mrexhibition.net\/wp_mimi\/?page_id=5374","title":{"rendered":"artworks"},"content":{"rendered":"<p>Hom\u00e9opathie(2019\/2022)<\/p>\n<p><a href=\"http:\/\/www.mrexhibition.net\/wp_mimi\/wp_mimi-content\/uploads\/2023\/01\/7-homeopathie-scaled.jpg\"><img decoding=\"async\" loading=\"lazy\" class=\"alignnone size-large wp-image-5694\" src=\"http:\/\/www.mrexhibition.net\/wp_mimi\/wp_mimi-content\/uploads\/2023\/01\/7-homeopathie-1024x575.jpg\" alt=\"\" width=\"540\" height=\"303\" srcset=\"http:\/\/www.mrexhibition.net\/wp_mimi\/wp_mimi-content\/uploads\/2023\/01\/7-homeopathie-1024x575.jpg 1024w, http:\/\/www.mrexhibition.net\/wp_mimi\/wp_mimi-content\/uploads\/2023\/01\/7-homeopathie-300x168.jpg 300w, http:\/\/www.mrexhibition.net\/wp_mimi\/wp_mimi-content\/uploads\/2023\/01\/7-homeopathie-768x431.jpg 768w, http:\/\/www.mrexhibition.net\/wp_mimi\/wp_mimi-content\/uploads\/2023\/01\/7-homeopathie-1536x862.jpg 1536w, http:\/\/www.mrexhibition.net\/wp_mimi\/wp_mimi-content\/uploads\/2023\/01\/7-homeopathie-2048x1150.jpg 2048w\" sizes=\"(max-width: 540px) 100vw, 540px\" \/><\/a><\/p>\n<p>Exp\u00e9rimentation culinaire (2018)<\/p>\n<p>baguette tradition aux graines<br \/>\n<a href=\"http:\/\/www.mrexhibition.net\/wp_mimi\/wp_mimi-content\/uploads\/2018\/04\/resized_FullSizeRender-24-copie-3.jpg\"><img decoding=\"async\" loading=\"lazy\" class=\"alignnone size-large wp-image-5487\" src=\"http:\/\/www.mrexhibition.net\/wp_mimi\/wp_mimi-content\/uploads\/2018\/04\/resized_FullSizeRender-24-copie-3-1024x768.jpg\" alt=\"resized_FullSizeRender 24 copie 3\" width=\"540\" height=\"405\" srcset=\"http:\/\/www.mrexhibition.net\/wp_mimi\/wp_mimi-content\/uploads\/2018\/04\/resized_FullSizeRender-24-copie-3.jpg 1024w, http:\/\/www.mrexhibition.net\/wp_mimi\/wp_mimi-content\/uploads\/2018\/04\/resized_FullSizeRender-24-copie-3-300x225.jpg 300w\" sizes=\"(max-width: 540px) 100vw, 540px\" \/><\/a><br \/>\n<a href=\"http:\/\/www.mrexhibition.net\/wp_mimi\/wp_mimi-content\/uploads\/2018\/04\/FullSizeRender-26-copie1.jpg\"><img decoding=\"async\" loading=\"lazy\" class=\"alignnone size-large wp-image-5486\" src=\"http:\/\/www.mrexhibition.net\/wp_mimi\/wp_mimi-content\/uploads\/2018\/04\/FullSizeRender-26-copie1-1024x768.jpg\" alt=\"FullSizeRender 26 copie\" width=\"540\" height=\"405\" srcset=\"http:\/\/www.mrexhibition.net\/wp_mimi\/wp_mimi-content\/uploads\/2018\/04\/FullSizeRender-26-copie1-1024x768.jpg 1024w, http:\/\/www.mrexhibition.net\/wp_mimi\/wp_mimi-content\/uploads\/2018\/04\/FullSizeRender-26-copie1-300x225.jpg 300w\" sizes=\"(max-width: 540px) 100vw, 540px\" \/><\/a><br \/>\nlevure pr\u00e9par\u00e9e pour le pain de campagne \u00e0 la coriandre<br \/>\n<a href=\"http:\/\/www.mrexhibition.net\/wp_mimi\/wp_mimi-content\/uploads\/2018\/04\/FullSizeRender-271.jpg\"><img decoding=\"async\" loading=\"lazy\" class=\"alignnone size-large wp-image-5484\" src=\"http:\/\/www.mrexhibition.net\/wp_mimi\/wp_mimi-content\/uploads\/2018\/04\/FullSizeRender-271-1024x768.jpg\" alt=\"FullSizeRender 27\" width=\"540\" height=\"405\" srcset=\"http:\/\/www.mrexhibition.net\/wp_mimi\/wp_mimi-content\/uploads\/2018\/04\/FullSizeRender-271-1024x768.jpg 1024w, http:\/\/www.mrexhibition.net\/wp_mimi\/wp_mimi-content\/uploads\/2018\/04\/FullSizeRender-271-300x225.jpg 300w\" sizes=\"(max-width: 540px) 100vw, 540px\" \/><\/a><\/p>\n<p><a href=\"http:\/\/www.mrexhibition.net\/wp_mimi\/wp_mimi-content\/uploads\/2018\/04\/FullSizeRender-22-copie-2.jpg\"><img decoding=\"async\" loading=\"lazy\" class=\"alignnone size-large wp-image-5485\" src=\"http:\/\/www.mrexhibition.net\/wp_mimi\/wp_mimi-content\/uploads\/2018\/04\/FullSizeRender-22-copie-2-1024x768.jpg\" alt=\"FullSizeRender 22 copie 2\" width=\"540\" height=\"405\" srcset=\"http:\/\/www.mrexhibition.net\/wp_mimi\/wp_mimi-content\/uploads\/2018\/04\/FullSizeRender-22-copie-2-1024x768.jpg 1024w, http:\/\/www.mrexhibition.net\/wp_mimi\/wp_mimi-content\/uploads\/2018\/04\/FullSizeRender-22-copie-2-300x225.jpg 300w\" sizes=\"(max-width: 540px) 100vw, 540px\" \/><\/a><\/p>\n<p>pain de campagne (le 23 avril 2018)<br \/>\n<a href=\"http:\/\/www.mrexhibition.net\/wp_mimi\/wp_mimi-content\/uploads\/2018\/04\/resized_FullSizeRender-22-copie-e1524542868948.jpg\"><img decoding=\"async\" loading=\"lazy\" class=\"alignnone wp-image-5477 size-large\" src=\"http:\/\/www.mrexhibition.net\/wp_mimi\/wp_mimi-content\/uploads\/2018\/04\/resized_FullSizeRender-22-copie-e1524542868948-1024x768.jpg\" alt=\"resized_FullSizeRender 22 copie\" width=\"540\" height=\"405\" srcset=\"http:\/\/www.mrexhibition.net\/wp_mimi\/wp_mimi-content\/uploads\/2018\/04\/resized_FullSizeRender-22-copie-e1524542868948-1024x768.jpg 1024w, http:\/\/www.mrexhibition.net\/wp_mimi\/wp_mimi-content\/uploads\/2018\/04\/resized_FullSizeRender-22-copie-e1524542868948-300x225.jpg 300w, http:\/\/www.mrexhibition.net\/wp_mimi\/wp_mimi-content\/uploads\/2018\/04\/resized_FullSizeRender-22-copie-e1524542868948.jpg 1364w\" sizes=\"(max-width: 540px) 100vw, 540px\" \/><\/a><\/p>\n<p><a href=\"http:\/\/www.mrexhibition.net\/wp_mimi\/wp_mimi-content\/uploads\/2018\/04\/resized_FullSizeRender-23-copie-2-e1524542879546.jpg\"><img decoding=\"async\" loading=\"lazy\" class=\"alignnone wp-image-5478 size-large\" src=\"http:\/\/www.mrexhibition.net\/wp_mimi\/wp_mimi-content\/uploads\/2018\/04\/resized_FullSizeRender-23-copie-2-e1524542879546-1024x768.jpg\" alt=\"resized_FullSizeRender 23 copie 2\" width=\"540\" height=\"405\" srcset=\"http:\/\/www.mrexhibition.net\/wp_mimi\/wp_mimi-content\/uploads\/2018\/04\/resized_FullSizeRender-23-copie-2-e1524542879546.jpg 1024w, http:\/\/www.mrexhibition.net\/wp_mimi\/wp_mimi-content\/uploads\/2018\/04\/resized_FullSizeRender-23-copie-2-e1524542879546-300x225.jpg 300w\" sizes=\"(max-width: 540px) 100vw, 540px\" \/><\/a><\/p>\n<p>petit pain aux orangettes<br \/>\n<a href=\"http:\/\/www.mrexhibition.net\/wp_mimi\/wp_mimi-content\/uploads\/2018\/04\/FullSizeRender-21-copie-2-e1524542892504.jpg\"><img decoding=\"async\" loading=\"lazy\" class=\"alignnone wp-image-5479 size-large\" src=\"http:\/\/www.mrexhibition.net\/wp_mimi\/wp_mimi-content\/uploads\/2018\/04\/FullSizeRender-21-copie-2-e1524542892504-1024x768.jpg\" alt=\"FullSizeRender 21 copie 2\" width=\"540\" height=\"405\" srcset=\"http:\/\/www.mrexhibition.net\/wp_mimi\/wp_mimi-content\/uploads\/2018\/04\/FullSizeRender-21-copie-2-e1524542892504-1024x768.jpg 1024w, http:\/\/www.mrexhibition.net\/wp_mimi\/wp_mimi-content\/uploads\/2018\/04\/FullSizeRender-21-copie-2-e1524542892504-300x225.jpg 300w\" sizes=\"(max-width: 540px) 100vw, 540px\" \/><\/a><\/p>\n<p><a href=\"http:\/\/www.mrexhibition.net\/wp_mimi\/wp_mimi-content\/uploads\/2018\/04\/FullSizeRender-251.jpg\"><img decoding=\"async\" loading=\"lazy\" class=\"alignnone wp-image-5480 size-large\" src=\"http:\/\/www.mrexhibition.net\/wp_mimi\/wp_mimi-content\/uploads\/2018\/04\/FullSizeRender-251-1024x768.jpg\" alt=\"FullSizeRender 25\" width=\"540\" height=\"405\" srcset=\"http:\/\/www.mrexhibition.net\/wp_mimi\/wp_mimi-content\/uploads\/2018\/04\/FullSizeRender-251-1024x768.jpg 1024w, http:\/\/www.mrexhibition.net\/wp_mimi\/wp_mimi-content\/uploads\/2018\/04\/FullSizeRender-251-300x225.jpg 300w\" sizes=\"(max-width: 540px) 100vw, 540px\" \/><\/a><\/p>\n<p><a href=\"http:\/\/www.mrexhibition.net\/wp_mimi\/wp_mimi-content\/uploads\/2018\/04\/FullSizeRender-24-copie-e1524542916680.jpg\"><img decoding=\"async\" loading=\"lazy\" class=\"alignnone size-large wp-image-5481\" src=\"http:\/\/www.mrexhibition.net\/wp_mimi\/wp_mimi-content\/uploads\/2018\/04\/FullSizeRender-24-copie-e1524542916680-1024x768.jpg\" alt=\"FullSizeRender 24 copie\" width=\"540\" height=\"405\" srcset=\"http:\/\/www.mrexhibition.net\/wp_mimi\/wp_mimi-content\/uploads\/2018\/04\/FullSizeRender-24-copie-e1524542916680-1024x768.jpg 1024w, http:\/\/www.mrexhibition.net\/wp_mimi\/wp_mimi-content\/uploads\/2018\/04\/FullSizeRender-24-copie-e1524542916680-300x225.jpg 300w\" sizes=\"(max-width: 540px) 100vw, 540px\" \/><\/a><\/p>\n<p>Pain parfum\u00e9 de basilic fait par la levure \u00ab\u00a0au basilic\u00a0\u00bb (le 22 avril 2018)<br \/>\n<a href=\"http:\/\/www.mrexhibition.net\/wp_mimi\/wp_mimi-content\/uploads\/2018\/04\/FullSizeRender-23-copie.jpg\"><img decoding=\"async\" loading=\"lazy\" class=\"alignnone size-large wp-image-5468\" src=\"http:\/\/www.mrexhibition.net\/wp_mimi\/wp_mimi-content\/uploads\/2018\/04\/FullSizeRender-23-copie-1024x768.jpg\" alt=\"FullSizeRender 23 copie\" width=\"540\" height=\"405\" srcset=\"http:\/\/www.mrexhibition.net\/wp_mimi\/wp_mimi-content\/uploads\/2018\/04\/FullSizeRender-23-copie-1024x768.jpg 1024w, http:\/\/www.mrexhibition.net\/wp_mimi\/wp_mimi-content\/uploads\/2018\/04\/FullSizeRender-23-copie-300x225.jpg 300w\" sizes=\"(max-width: 540px) 100vw, 540px\" \/><\/a><\/p>\n<p><a href=\"http:\/\/www.mrexhibition.net\/wp_mimi\/wp_mimi-content\/uploads\/2018\/04\/FullSizeRender-19-copie.jpg\"><img decoding=\"async\" loading=\"lazy\" class=\"alignnone size-large wp-image-5466\" src=\"http:\/\/www.mrexhibition.net\/wp_mimi\/wp_mimi-content\/uploads\/2018\/04\/FullSizeRender-19-copie-1024x768.jpg\" alt=\"FullSizeRender 19 copie\" width=\"540\" height=\"405\" srcset=\"http:\/\/www.mrexhibition.net\/wp_mimi\/wp_mimi-content\/uploads\/2018\/04\/FullSizeRender-19-copie-1024x768.jpg 1024w, http:\/\/www.mrexhibition.net\/wp_mimi\/wp_mimi-content\/uploads\/2018\/04\/FullSizeRender-19-copie-300x225.jpg 300w\" sizes=\"(max-width: 540px) 100vw, 540px\" \/><\/a><\/p>\n<p><a href=\"http:\/\/www.mrexhibition.net\/wp_mimi\/wp_mimi-content\/uploads\/2018\/04\/FullSizeRender-20-copie-2.jpg\"><img decoding=\"async\" loading=\"lazy\" class=\"alignnone size-large wp-image-5467\" src=\"http:\/\/www.mrexhibition.net\/wp_mimi\/wp_mimi-content\/uploads\/2018\/04\/FullSizeRender-20-copie-2-1024x779.jpg\" alt=\"FullSizeRender 20 copie 2\" width=\"540\" height=\"411\" srcset=\"http:\/\/www.mrexhibition.net\/wp_mimi\/wp_mimi-content\/uploads\/2018\/04\/FullSizeRender-20-copie-2-1024x779.jpg 1024w, http:\/\/www.mrexhibition.net\/wp_mimi\/wp_mimi-content\/uploads\/2018\/04\/FullSizeRender-20-copie-2-300x228.jpg 300w\" sizes=\"(max-width: 540px) 100vw, 540px\" \/><\/a><\/p>\n<p>\u00ab\u00a0rustique\u00a0\u00bb version weekend \ud83d\ude42 (noix, noisette, amande et figue \/ orange et figue) \u30ea\u30e5\u30b9\u30c6\u30a3\u30c3\u30af\u306e\u9031\u672b\u5177\u6ca2\u5c71\u30d0\u30fc\u30b8\u30e7\u30f3\uff08\u80e1\u6843\u3001\u30ce\u30ef\u30bc\u30c3\u30c8\u3001\u30a2\u30fc\u30e2\u30f3\u30c9\u3001\u3044\u3061\u3058\u304f\uff0f\u30aa\u30ec\u30f3\u30b8\u30d4\u30fc\u30eb\u3068\u30a4\u30c1\u30b8\u30af\u306e\u4e8c\u7a2e\u985e\uff09\u3001\u3076\u3069\u3046\u306e\u5929\u7136\u9175\u6bcd\u3001\u4f4e\u97f3\u9577\u6642\u9593\u767a\u9175\u3001\u5168\u7c92\u7c89100% (le 21 avril 2018)<br \/>\n<a href=\"http:\/\/www.mrexhibition.net\/wp_mimi\/wp_mimi-content\/uploads\/2018\/04\/FullSizeRender-232.jpg\"><img decoding=\"async\" loading=\"lazy\" class=\"alignnone size-large wp-image-5461\" src=\"http:\/\/www.mrexhibition.net\/wp_mimi\/wp_mimi-content\/uploads\/2018\/04\/FullSizeRender-232-1024x768.jpg\" alt=\"FullSizeRender 23\" width=\"540\" height=\"405\" srcset=\"http:\/\/www.mrexhibition.net\/wp_mimi\/wp_mimi-content\/uploads\/2018\/04\/FullSizeRender-232-1024x768.jpg 1024w, http:\/\/www.mrexhibition.net\/wp_mimi\/wp_mimi-content\/uploads\/2018\/04\/FullSizeRender-232-300x225.jpg 300w\" sizes=\"(max-width: 540px) 100vw, 540px\" \/><br \/>\n<\/a><a href=\"http:\/\/www.mrexhibition.net\/wp_mimi\/wp_mimi-content\/uploads\/2018\/04\/FullSizeRender-241.jpg\"><img decoding=\"async\" loading=\"lazy\" class=\"alignnone size-large wp-image-5462\" src=\"http:\/\/www.mrexhibition.net\/wp_mimi\/wp_mimi-content\/uploads\/2018\/04\/FullSizeRender-241-1024x768.jpg\" alt=\"FullSizeRender 24\" width=\"540\" height=\"405\" srcset=\"http:\/\/www.mrexhibition.net\/wp_mimi\/wp_mimi-content\/uploads\/2018\/04\/FullSizeRender-241-1024x768.jpg 1024w, http:\/\/www.mrexhibition.net\/wp_mimi\/wp_mimi-content\/uploads\/2018\/04\/FullSizeRender-241-300x225.jpg 300w\" sizes=\"(max-width: 540px) 100vw, 540px\" \/><\/a><a href=\"http:\/\/www.mrexhibition.net\/wp_mimi\/wp_mimi-content\/uploads\/2018\/04\/FullSizeRender-232.jpg\"><br \/>\n<\/a>pain de mie au chocolat (le 20 avril 2018)<br \/>\n<a href=\"http:\/\/www.mrexhibition.net\/wp_mimi\/wp_mimi-content\/uploads\/2018\/04\/FullSizeRender-47.jpg\"><img decoding=\"async\" loading=\"lazy\" class=\"alignnone size-large wp-image-5428\" src=\"http:\/\/www.mrexhibition.net\/wp_mimi\/wp_mimi-content\/uploads\/2018\/04\/FullSizeRender-47-1024x768.jpg\" alt=\"FullSizeRender 47\" width=\"540\" height=\"405\" srcset=\"http:\/\/www.mrexhibition.net\/wp_mimi\/wp_mimi-content\/uploads\/2018\/04\/FullSizeRender-47-1024x768.jpg 1024w, http:\/\/www.mrexhibition.net\/wp_mimi\/wp_mimi-content\/uploads\/2018\/04\/FullSizeRender-47-300x225.jpg 300w\" sizes=\"(max-width: 540px) 100vw, 540px\" \/><\/a><\/p>\n<p>pain de campagne &#8211; c\u00e9r\u00e9ale, noix (le 18 avril 2018)<br \/>\n<a href=\"http:\/\/www.mrexhibition.net\/wp_mimi\/wp_mimi-content\/uploads\/2018\/04\/FullSizeRender-511-e1524320195724.jpg\"><img decoding=\"async\" loading=\"lazy\" class=\"alignnone size-large wp-image-5427\" src=\"http:\/\/www.mrexhibition.net\/wp_mimi\/wp_mimi-content\/uploads\/2018\/04\/FullSizeRender-511-e1524320195724-1024x768.jpg\" alt=\"FullSizeRender 51\" width=\"540\" height=\"405\" srcset=\"http:\/\/www.mrexhibition.net\/wp_mimi\/wp_mimi-content\/uploads\/2018\/04\/FullSizeRender-511-e1524320195724-1024x768.jpg 1024w, http:\/\/www.mrexhibition.net\/wp_mimi\/wp_mimi-content\/uploads\/2018\/04\/FullSizeRender-511-e1524320195724-300x225.jpg 300w\" sizes=\"(max-width: 540px) 100vw, 540px\" \/><\/a><\/p>\n<p>Epi de bl\u00e9 aux noix et aux figues (16 avril 2018)<br \/>\n<a href=\"http:\/\/www.mrexhibition.net\/wp_mimi\/wp_mimi-content\/uploads\/2018\/04\/FullSizeRender-5.jpg\"><img decoding=\"async\" loading=\"lazy\" class=\"alignnone size-large wp-image-5414\" src=\"http:\/\/www.mrexhibition.net\/wp_mimi\/wp_mimi-content\/uploads\/2018\/04\/FullSizeRender-5-768x1024.jpg\" alt=\"FullSizeRender 5\" width=\"540\" height=\"720\" srcset=\"http:\/\/www.mrexhibition.net\/wp_mimi\/wp_mimi-content\/uploads\/2018\/04\/FullSizeRender-5-768x1024.jpg 768w, http:\/\/www.mrexhibition.net\/wp_mimi\/wp_mimi-content\/uploads\/2018\/04\/FullSizeRender-5-225x300.jpg 225w\" sizes=\"(max-width: 540px) 100vw, 540px\" \/><\/a><\/p>\n<p>Pain de mie (15 avril 2018)<br \/>\n<a href=\"http:\/\/www.mrexhibition.net\/wp_mimi\/wp_mimi-content\/uploads\/2018\/04\/resized_FullSizeRender-6-copie-4.jpg\"><img decoding=\"async\" loading=\"lazy\" class=\"alignnone size-large wp-image-5406\" src=\"http:\/\/www.mrexhibition.net\/wp_mimi\/wp_mimi-content\/uploads\/2018\/04\/resized_FullSizeRender-6-copie-4-1024x768.jpg\" alt=\"resized_FullSizeRender 6 copie 4\" width=\"540\" height=\"405\" srcset=\"http:\/\/www.mrexhibition.net\/wp_mimi\/wp_mimi-content\/uploads\/2018\/04\/resized_FullSizeRender-6-copie-4.jpg 1024w, http:\/\/www.mrexhibition.net\/wp_mimi\/wp_mimi-content\/uploads\/2018\/04\/resized_FullSizeRender-6-copie-4-300x225.jpg 300w\" sizes=\"(max-width: 540px) 100vw, 540px\" \/><\/a><\/p>\n<p>petit pain aux figues et noix (14 avril 2018)<br \/>\n<a href=\"http:\/\/www.mrexhibition.net\/wp_mimi\/wp_mimi-content\/uploads\/2018\/04\/FullSizeRender-5-copie-6.jpg\"><img decoding=\"async\" loading=\"lazy\" class=\"alignnone size-large wp-image-5416\" src=\"http:\/\/www.mrexhibition.net\/wp_mimi\/wp_mimi-content\/uploads\/2018\/04\/FullSizeRender-5-copie-6-1024x768.jpg\" alt=\"FullSizeRender 5 copie 6\" width=\"540\" height=\"405\" srcset=\"http:\/\/www.mrexhibition.net\/wp_mimi\/wp_mimi-content\/uploads\/2018\/04\/FullSizeRender-5-copie-6-1024x768.jpg 1024w, http:\/\/www.mrexhibition.net\/wp_mimi\/wp_mimi-content\/uploads\/2018\/04\/FullSizeRender-5-copie-6-300x225.jpg 300w\" sizes=\"(max-width: 540px) 100vw, 540px\" \/><\/a><\/p>\n<p>pain de campagne (14 avril 2018)<br \/>\n<a href=\"http:\/\/www.mrexhibition.net\/wp_mimi\/wp_mimi-content\/uploads\/2018\/04\/FullSizeRender-6-copie-3.jpg\"><img decoding=\"async\" loading=\"lazy\" class=\"alignnone size-large wp-image-5378\" src=\"http:\/\/www.mrexhibition.net\/wp_mimi\/wp_mimi-content\/uploads\/2018\/04\/FullSizeRender-6-copie-3-1024x768.jpg\" alt=\"FullSizeRender 6 copie 3\" width=\"540\" height=\"405\" srcset=\"http:\/\/www.mrexhibition.net\/wp_mimi\/wp_mimi-content\/uploads\/2018\/04\/FullSizeRender-6-copie-3-1024x768.jpg 1024w, http:\/\/www.mrexhibition.net\/wp_mimi\/wp_mimi-content\/uploads\/2018\/04\/FullSizeRender-6-copie-3-300x225.jpg 300w\" sizes=\"(max-width: 540px) 100vw, 540px\" \/><\/a><a href=\"http:\/\/www.mrexhibition.net\/wp_mimi\/wp_mimi-content\/uploads\/2018\/04\/FullSizeRender-7-copie-2.jpg\"><img decoding=\"async\" loading=\"lazy\" class=\"alignnone size-large wp-image-5375\" src=\"http:\/\/www.mrexhibition.net\/wp_mimi\/wp_mimi-content\/uploads\/2018\/04\/FullSizeRender-7-copie-2-1024x768.jpg\" alt=\"FullSizeRender 7 copie 2\" width=\"540\" height=\"405\" srcset=\"http:\/\/www.mrexhibition.net\/wp_mimi\/wp_mimi-content\/uploads\/2018\/04\/FullSizeRender-7-copie-2-1024x768.jpg 1024w, http:\/\/www.mrexhibition.net\/wp_mimi\/wp_mimi-content\/uploads\/2018\/04\/FullSizeRender-7-copie-2-300x225.jpg 300w\" sizes=\"(max-width: 540px) 100vw, 540px\" \/><\/a><\/p>\n<p><a href=\"http:\/\/www.mrexhibition.net\/wp_mimi\/wp_mimi-content\/uploads\/2018\/04\/resized_FullSizeRender-8.jpg\"><img decoding=\"async\" loading=\"lazy\" class=\"alignnone size-large wp-image-5430\" src=\"http:\/\/www.mrexhibition.net\/wp_mimi\/wp_mimi-content\/uploads\/2018\/04\/resized_FullSizeRender-8-1024x768.jpg\" alt=\"resized_FullSizeRender 8\" width=\"540\" height=\"405\" srcset=\"http:\/\/www.mrexhibition.net\/wp_mimi\/wp_mimi-content\/uploads\/2018\/04\/resized_FullSizeRender-8.jpg 1024w, http:\/\/www.mrexhibition.net\/wp_mimi\/wp_mimi-content\/uploads\/2018\/04\/resized_FullSizeRender-8-300x225.jpg 300w\" sizes=\"(max-width: 540px) 100vw, 540px\" \/><\/a><\/p>\n<p><a href=\"http:\/\/www.mrexhibition.net\/wp_mimi\/wp_mimi-content\/uploads\/2018\/04\/resized_FullSizeRender-31.jpg\"><img decoding=\"async\" loading=\"lazy\" class=\"alignnone size-large wp-image-5431\" src=\"http:\/\/www.mrexhibition.net\/wp_mimi\/wp_mimi-content\/uploads\/2018\/04\/resized_FullSizeRender-31-1024x768.jpg\" alt=\"resized_FullSizeRender 31\" width=\"540\" height=\"405\" srcset=\"http:\/\/www.mrexhibition.net\/wp_mimi\/wp_mimi-content\/uploads\/2018\/04\/resized_FullSizeRender-31.jpg 1024w, http:\/\/www.mrexhibition.net\/wp_mimi\/wp_mimi-content\/uploads\/2018\/04\/resized_FullSizeRender-31-300x225.jpg 300w\" sizes=\"(max-width: 540px) 100vw, 540px\" \/><\/a><\/p>\n<p><a href=\"http:\/\/www.mrexhibition.net\/wp_mimi\/wp_mimi-content\/uploads\/2018\/04\/FullSizeRender-5-copie-2-e1523829478748.jpg\"><img decoding=\"async\" loading=\"lazy\" class=\"alignnone size-large wp-image-5376\" src=\"http:\/\/www.mrexhibition.net\/wp_mimi\/wp_mimi-content\/uploads\/2018\/04\/FullSizeRender-5-copie-2-e1523829478748-1024x768.jpg\" alt=\"FullSizeRender 5 copie 2\" width=\"540\" height=\"405\" srcset=\"http:\/\/www.mrexhibition.net\/wp_mimi\/wp_mimi-content\/uploads\/2018\/04\/FullSizeRender-5-copie-2-e1523829478748-1024x768.jpg 1024w, http:\/\/www.mrexhibition.net\/wp_mimi\/wp_mimi-content\/uploads\/2018\/04\/FullSizeRender-5-copie-2-e1523829478748-300x225.jpg 300w\" sizes=\"(max-width: 540px) 100vw, 540px\" \/><\/a><br \/>\n<a href=\"http:\/\/www.mrexhibition.net\/wp_mimi\/wp_mimi-content\/uploads\/2018\/04\/resized_FullSizeRender-5-copie.jpg\"><img decoding=\"async\" loading=\"lazy\" class=\"alignnone size-large wp-image-5380\" src=\"http:\/\/www.mrexhibition.net\/wp_mimi\/wp_mimi-content\/uploads\/2018\/04\/resized_FullSizeRender-5-copie-1024x768.jpg\" alt=\"resized_FullSizeRender 5 copie\" width=\"540\" height=\"405\" srcset=\"http:\/\/www.mrexhibition.net\/wp_mimi\/wp_mimi-content\/uploads\/2018\/04\/resized_FullSizeRender-5-copie.jpg 1024w, http:\/\/www.mrexhibition.net\/wp_mimi\/wp_mimi-content\/uploads\/2018\/04\/resized_FullSizeRender-5-copie-300x225.jpg 300w\" sizes=\"(max-width: 540px) 100vw, 540px\" \/><\/a><\/p>\n<p><a href=\"http:\/\/www.mrexhibition.net\/wp_mimi\/wp_mimi-content\/uploads\/2018\/04\/FullSizeRender-201.jpg\"><img decoding=\"async\" loading=\"lazy\" class=\"alignnone size-large wp-image-5450\" src=\"http:\/\/www.mrexhibition.net\/wp_mimi\/wp_mimi-content\/uploads\/2018\/04\/FullSizeRender-201-1024x1024.jpg\" alt=\"FullSizeRender 20\" width=\"540\" height=\"540\" srcset=\"http:\/\/www.mrexhibition.net\/wp_mimi\/wp_mimi-content\/uploads\/2018\/04\/FullSizeRender-201-1024x1024.jpg 1024w, http:\/\/www.mrexhibition.net\/wp_mimi\/wp_mimi-content\/uploads\/2018\/04\/FullSizeRender-201-150x150.jpg 150w, http:\/\/www.mrexhibition.net\/wp_mimi\/wp_mimi-content\/uploads\/2018\/04\/FullSizeRender-201-300x300.jpg 300w, http:\/\/www.mrexhibition.net\/wp_mimi\/wp_mimi-content\/uploads\/2018\/04\/FullSizeRender-201-50x50.jpg 50w, http:\/\/www.mrexhibition.net\/wp_mimi\/wp_mimi-content\/uploads\/2018\/04\/FullSizeRender-201-125x125.jpg 125w\" sizes=\"(max-width: 540px) 100vw, 540px\" \/><\/a><\/p>\n<p><a href=\"http:\/\/www.mrexhibition.net\/wp_mimi\/wp_mimi-content\/uploads\/2018\/04\/FullSizeRender-212.jpg\"><img decoding=\"async\" loading=\"lazy\" class=\"alignnone size-large wp-image-5451\" src=\"http:\/\/www.mrexhibition.net\/wp_mimi\/wp_mimi-content\/uploads\/2018\/04\/FullSizeRender-212-1024x1024.jpg\" alt=\"FullSizeRender 21\" width=\"540\" height=\"540\" srcset=\"http:\/\/www.mrexhibition.net\/wp_mimi\/wp_mimi-content\/uploads\/2018\/04\/FullSizeRender-212-1024x1024.jpg 1024w, http:\/\/www.mrexhibition.net\/wp_mimi\/wp_mimi-content\/uploads\/2018\/04\/FullSizeRender-212-150x150.jpg 150w, http:\/\/www.mrexhibition.net\/wp_mimi\/wp_mimi-content\/uploads\/2018\/04\/FullSizeRender-212-300x300.jpg 300w, http:\/\/www.mrexhibition.net\/wp_mimi\/wp_mimi-content\/uploads\/2018\/04\/FullSizeRender-212-50x50.jpg 50w, http:\/\/www.mrexhibition.net\/wp_mimi\/wp_mimi-content\/uploads\/2018\/04\/FullSizeRender-212-125x125.jpg 125w\" sizes=\"(max-width: 540px) 100vw, 540px\" \/><\/a><\/p>\n<p><a href=\"http:\/\/www.mrexhibition.net\/wp_mimi\/wp_mimi-content\/uploads\/2018\/04\/FullSizeRender-5-copie-7.jpg\"><img decoding=\"async\" loading=\"lazy\" class=\"alignnone size-large wp-image-5418\" src=\"http:\/\/www.mrexhibition.net\/wp_mimi\/wp_mimi-content\/uploads\/2018\/04\/FullSizeRender-5-copie-7-1024x768.jpg\" alt=\"FullSizeRender 5 copie 7\" width=\"540\" height=\"405\" srcset=\"http:\/\/www.mrexhibition.net\/wp_mimi\/wp_mimi-content\/uploads\/2018\/04\/FullSizeRender-5-copie-7-1024x768.jpg 1024w, http:\/\/www.mrexhibition.net\/wp_mimi\/wp_mimi-content\/uploads\/2018\/04\/FullSizeRender-5-copie-7-300x225.jpg 300w\" sizes=\"(max-width: 540px) 100vw, 540px\" \/><\/a><\/p>\n<p><a href=\"http:\/\/www.mrexhibition.net\/wp_mimi\/wp_mimi-content\/uploads\/2018\/04\/FullSizeRender-18.jpg\"><img decoding=\"async\" loading=\"lazy\" class=\"alignnone size-large wp-image-5377\" src=\"http:\/\/www.mrexhibition.net\/wp_mimi\/wp_mimi-content\/uploads\/2018\/04\/FullSizeRender-18-1024x768.jpg\" alt=\"FullSizeRender 18\" width=\"540\" height=\"405\" srcset=\"http:\/\/www.mrexhibition.net\/wp_mimi\/wp_mimi-content\/uploads\/2018\/04\/FullSizeRender-18-1024x768.jpg 1024w, http:\/\/www.mrexhibition.net\/wp_mimi\/wp_mimi-content\/uploads\/2018\/04\/FullSizeRender-18-300x225.jpg 300w\" sizes=\"(max-width: 540px) 100vw, 540px\" \/><\/a><\/p>\n","protected":false},"excerpt":{"rendered":"<p>Hom\u00e9opathie(2019\/2022) Exp\u00e9rimentation culinaire (2018) baguette tradition aux graines levure pr\u00e9par\u00e9e pour le pain de campagne \u00e0 la coriandre pain de campagne (le 23 avril 2018) petit pain aux orangettes Pain parfum\u00e9 de basilic fait par la levure \u00ab\u00a0au basilic\u00a0\u00bb (le 22 avril 2018) \u00ab\u00a0rustique\u00a0\u00bb version weekend \ud83d\ude42 (noix, noisette, amande et figue \/ orange et [&hellip;]<\/p>\n","protected":false},"author":1,"featured_media":0,"parent":0,"menu_order":0,"comment_status":"closed","ping_status":"closed","template":"","meta":[],"_links":{"self":[{"href":"http:\/\/www.mrexhibition.net\/wp_mimi\/index.php?rest_route=\/wp\/v2\/pages\/5374"}],"collection":[{"href":"http:\/\/www.mrexhibition.net\/wp_mimi\/index.php?rest_route=\/wp\/v2\/pages"}],"about":[{"href":"http:\/\/www.mrexhibition.net\/wp_mimi\/index.php?rest_route=\/wp\/v2\/types\/page"}],"author":[{"embeddable":true,"href":"http:\/\/www.mrexhibition.net\/wp_mimi\/index.php?rest_route=\/wp\/v2\/users\/1"}],"replies":[{"embeddable":true,"href":"http:\/\/www.mrexhibition.net\/wp_mimi\/index.php?rest_route=%2Fwp%2Fv2%2Fcomments&post=5374"}],"version-history":[{"count":22,"href":"http:\/\/www.mrexhibition.net\/wp_mimi\/index.php?rest_route=\/wp\/v2\/pages\/5374\/revisions"}],"predecessor-version":[{"id":5695,"href":"http:\/\/www.mrexhibition.net\/wp_mimi\/index.php?rest_route=\/wp\/v2\/pages\/5374\/revisions\/5695"}],"wp:attachment":[{"href":"http:\/\/www.mrexhibition.net\/wp_mimi\/index.php?rest_route=%2Fwp%2Fv2%2Fmedia&parent=5374"}],"curies":[{"name":"wp","href":"https:\/\/api.w.org\/{rel}","templated":true}]}}